{"id":14520,"date":"2018-10-30T14:22:57","date_gmt":"2018-10-30T20:22:57","guid":{"rendered":"https:\/\/clicstudyinchina.com\/?page_id=14520"},"modified":"2018-10-30T14:33:44","modified_gmt":"2018-10-30T20:33:44","slug":"anciennes-du-programme","status":"publish","type":"page","link":"https:\/\/clicstudyinchina.com\/fr\/anciennes-du-programme\/","title":{"rendered":"Ancien(ne)s du programme"},"content":{"rendered":"<div class=\"fusion-fullwidth fullwidth-box fusion-builder-row-1 nonhundred-percent-fullwidth non-hundred-percent-height-scrolling\" style=\"--awb-background-position:left top;--awb-border-radius-top-left:0px;--awb-border-radius-top-right:0px;--awb-border-radius-bottom-right:0px;--awb-border-radius-bottom-left:0px;--awb-padding-top:20px;--awb-padding-bottom:20px;--awb-border-sizes-top:0px;--awb-border-sizes-bottom:0px;--awb-flex-wrap:wrap;\" ><div class=\"fusion-builder-row fusion-row\"><div class=\"fusion-layout-column fusion_builder_column fusion-builder-column-0 fusion_builder_column_1_1 1_1 fusion-one-full fusion-column-first fusion-column-last fusion-column-no-min-height\" style=\"--awb-bg-size:cover;--awb-margin-bottom:0px;\"><div class=\"fusion-column-wrapper fusion-flex-column-wrapper-legacy\"><div class=\"fusion-title title fusion-title-1 fusion-title-text fusion-title-size-three\" style=\"--awb-margin-top-small:10px;--awb-margin-right-small:0px;--awb-margin-bottom-small:10px;--awb-margin-left-small:0px;\"><h3 class=\"fusion-title-heading title-heading-left\" style=\"margin:0;\">Ancien(ne)s du programme<\/h3><span class=\"awb-title-spacer\"><\/span><div class=\"title-sep-container\"><div class=\"title-sep sep-single sep-solid\" style=\"border-color:#E0DEDE;\"><\/div><\/div><\/div><div class=\"fusion-text fusion-text-1\"><p>Nous vous f\u00e9licitons d\u2019avoir termin\u00e9 votre programme approuv\u00e9 par CLIC! Vous pouvez continuer de profiter du temps que vous avez pass\u00e9 en Chine en restant en contact avec vos pairs et avec les autres \u00e9tudiant(e)s. Faites part de vos aventures aux ancien(ne)s ou piquez la curiosit\u00e9 des nouveaux \u00e9tudiants en leur racontant ce que vous avez v\u00e9cu! Ci-dessous, jetez un coup d\u2019\u0153il \u00e0 certaines activit\u00e9s et occasions saisies par les anciens et les anciennes du programme.<\/p>\n<p><strong>Devenez ambassadeur ou ambassadrice CLIC<\/strong><\/p>\n<p>Comment la Chine vous a-t-elle inspir\u00e9(e)? Les \u00e9tudiant(e)s qui consid\u00e8rent la possibilit\u00e9 d\u2019\u00e9tudier en Chine voudront certainement en entendre parler! Nous sommes \u00e0 la recherche d\u2019anciens ou d&#8217;anciennes qui d\u00e9sireront partager leurs histoires et aider les autres \u00e9tudiant(e)s \u00e0 profiter des occasions uniques qui se pr\u00e9sentent \u00e0 eux gr\u00e2ce \u00e0 l\u2019initiative CLIC. Si le r\u00f4le d\u2019ambassadeur ou d\u2019ambassadrice CLIC vous int\u00e9resse, veuillez envoyer votre curriculum vitae et une lettre de r\u00e9f\u00e9rence \u00e0\u00a0<a href=\"mailto:info@clicstudyinchina.ca\">info@clicstudyinchina.ca<\/a>.<\/p>\n<p><strong>Nouvelles fonctionnalit\u00e9s \u00e0 venir!<\/strong><\/p>\n<p>Le bureau de CLIC vous aide \u00e0 suivre votre exp\u00e9rience en Chine gr\u00e2ce \u00e0 divers renseignements et fonctionnalit\u00e9s. Bient\u00f4t, notre site Web pr\u00e9sentera des forums sur divers \u00e9v\u00e9nements se rapportant \u00e0 la Chine, des occasions d\u2019emploi et plus encore. N\u2019oubliez pas de jeter un coup d\u2019\u0153il \u00e0 votre bo\u00eete de r\u00e9ception pour recevoir votre invitation \u00e0 faire partie du nouveau site des services aux anciens et anciennes de CLIC.<\/p>\n<\/div><div class=\"fusion-clearfix\"><\/div><\/div><\/div><\/div><\/div>\n","protected":false},"excerpt":{"rendered":"","protected":false},"author":2,"featured_media":0,"parent":0,"menu_order":0,"comment_status":"closed","ping_status":"closed","template":"100-width.php","meta":{"_bbp_topic_count":0,"_bbp_reply_count":0,"_bbp_total_topic_count":0,"_bbp_total_reply_count":0,"_bbp_voice_count":0,"_bbp_anonymous_reply_count":0,"_bbp_topic_count_hidden":0,"_bbp_reply_count_hidden":0,"_bbp_forum_subforum_count":0,"_exactmetrics_skip_tracking":false,"_exactmetrics_sitenote_active":false,"_exactmetrics_sitenote_note":"","_exactmetrics_sitenote_category":0,"footnotes":""},"class_list":["post-14520","page","type-page","status-publish","hentry"],"yoast_head":"<!-- This site is optimized with the Yoast SEO plugin v27.5 - https:\/\/yoast.com\/product\/yoast-seo-wordpress\/ -->\n<title>Ancien(ne)s du programme - CLIC<\/title>\n<meta name=\"robots\" content=\"index, follow, max-snippet:-1, max-image-preview:large, max-video-preview:-1\" \/>\n<link rel=\"canonical\" href=\"https:\/\/clicstudyinchina.com\/fr\/anciennes-du-programme\/\" \/>\n<meta property=\"og:locale\" content=\"fr_FR\" \/>\n<meta property=\"og:type\" content=\"article\" \/>\n<meta property=\"og:title\" content=\"Ancien(ne)s du programme - CLIC\" \/>\n<meta property=\"og:url\" content=\"https:\/\/clicstudyinchina.com\/fr\/anciennes-du-programme\/\" \/>\n<meta property=\"og:site_name\" content=\"CLIC\" \/>\n<meta property=\"article:modified_time\" content=\"2018-10-30T20:33:44+00:00\" \/>\n<meta name=\"twitter:card\" content=\"summary_large_image\" \/>\n<meta name=\"twitter:label1\" content=\"Dur\u00e9e de lecture estim\u00e9e\" \/>\n\t<meta name=\"twitter:data1\" content=\"2 minutes\" \/>\n<script type=\"application\/ld+json\" class=\"yoast-schema-graph\">{\"@context\":\"https:\\\/\\\/schema.org\",\"@graph\":[{\"@type\":\"WebPage\",\"@id\":\"https:\\\/\\\/clicstudyinchina.com\\\/fr\\\/anciennes-du-programme\\\/\",\"url\":\"https:\\\/\\\/clicstudyinchina.com\\\/fr\\\/anciennes-du-programme\\\/\",\"name\":\"Ancien(ne)s du programme - CLIC\",\"isPartOf\":{\"@id\":\"https:\\\/\\\/clicstudyinchina.com\\\/#website\"},\"datePublished\":\"2018-10-30T20:22:57+00:00\",\"dateModified\":\"2018-10-30T20:33:44+00:00\",\"breadcrumb\":{\"@id\":\"https:\\\/\\\/clicstudyinchina.com\\\/fr\\\/anciennes-du-programme\\\/#breadcrumb\"},\"inLanguage\":\"fr-FR\",\"potentialAction\":[{\"@type\":\"ReadAction\",\"target\":[\"https:\\\/\\\/clicstudyinchina.com\\\/fr\\\/anciennes-du-programme\\\/\"]}]},{\"@type\":\"BreadcrumbList\",\"@id\":\"https:\\\/\\\/clicstudyinchina.com\\\/fr\\\/anciennes-du-programme\\\/#breadcrumb\",\"itemListElement\":[{\"@type\":\"ListItem\",\"position\":1,\"name\":\"Home\",\"item\":\"https:\\\/\\\/clicstudyinchina.com\\\/fr\\\/\"},{\"@type\":\"ListItem\",\"position\":2,\"name\":\"Ancien(ne)s du programme\"}]},{\"@type\":\"WebSite\",\"@id\":\"https:\\\/\\\/clicstudyinchina.com\\\/#website\",\"url\":\"https:\\\/\\\/clicstudyinchina.com\\\/\",\"name\":\"CLIC\",\"description\":\"Canada Learning Initiative in China\",\"potentialAction\":[{\"@type\":\"SearchAction\",\"target\":{\"@type\":\"EntryPoint\",\"urlTemplate\":\"https:\\\/\\\/clicstudyinchina.com\\\/?s={search_term_string}\"},\"query-input\":{\"@type\":\"PropertyValueSpecification\",\"valueRequired\":true,\"valueName\":\"search_term_string\"}}],\"inLanguage\":\"fr-FR\"}]}<\/script>\n<!-- \/ Yoast SEO plugin. -->","yoast_head_json":{"title":"Ancien(ne)s du programme - CLIC","robots":{"index":"index","follow":"follow","max-snippet":"max-snippet:-1","max-image-preview":"max-image-preview:large","max-video-preview":"max-video-preview:-1"},"canonical":"https:\/\/clicstudyinchina.com\/fr\/anciennes-du-programme\/","og_locale":"fr_FR","og_type":"article","og_title":"Ancien(ne)s du programme - CLIC","og_url":"https:\/\/clicstudyinchina.com\/fr\/anciennes-du-programme\/","og_site_name":"CLIC","article_modified_time":"2018-10-30T20:33:44+00:00","twitter_card":"summary_large_image","twitter_misc":{"Dur\u00e9e de lecture estim\u00e9e":"2 minutes"},"schema":{"@context":"https:\/\/schema.org","@graph":[{"@type":"WebPage","@id":"https:\/\/clicstudyinchina.com\/fr\/anciennes-du-programme\/","url":"https:\/\/clicstudyinchina.com\/fr\/anciennes-du-programme\/","name":"Ancien(ne)s du programme - CLIC","isPartOf":{"@id":"https:\/\/clicstudyinchina.com\/#website"},"datePublished":"2018-10-30T20:22:57+00:00","dateModified":"2018-10-30T20:33:44+00:00","breadcrumb":{"@id":"https:\/\/clicstudyinchina.com\/fr\/anciennes-du-programme\/#breadcrumb"},"inLanguage":"fr-FR","potentialAction":[{"@type":"ReadAction","target":["https:\/\/clicstudyinchina.com\/fr\/anciennes-du-programme\/"]}]},{"@type":"BreadcrumbList","@id":"https:\/\/clicstudyinchina.com\/fr\/anciennes-du-programme\/#breadcrumb","itemListElement":[{"@type":"ListItem","position":1,"name":"Home","item":"https:\/\/clicstudyinchina.com\/fr\/"},{"@type":"ListItem","position":2,"name":"Ancien(ne)s du programme"}]},{"@type":"WebSite","@id":"https:\/\/clicstudyinchina.com\/#website","url":"https:\/\/clicstudyinchina.com\/","name":"CLIC","description":"Canada Learning Initiative in China","potentialAction":[{"@type":"SearchAction","target":{"@type":"EntryPoint","urlTemplate":"https:\/\/clicstudyinchina.com\/?s={search_term_string}"},"query-input":{"@type":"PropertyValueSpecification","valueRequired":true,"valueName":"search_term_string"}}],"inLanguage":"fr-FR"}]}},"_links":{"self":[{"href":"https:\/\/clicstudyinchina.com\/fr\/wp-json\/wp\/v2\/pages\/14520","targetHints":{"allow":["GET"]}}],"collection":[{"href":"https:\/\/clicstudyinchina.com\/fr\/wp-json\/wp\/v2\/pages"}],"about":[{"href":"https:\/\/clicstudyinchina.com\/fr\/wp-json\/wp\/v2\/types\/page"}],"author":[{"embeddable":true,"href":"https:\/\/clicstudyinchina.com\/fr\/wp-json\/wp\/v2\/users\/2"}],"replies":[{"embeddable":true,"href":"https:\/\/clicstudyinchina.com\/fr\/wp-json\/wp\/v2\/comments?post=14520"}],"version-history":[{"count":1,"href":"https:\/\/clicstudyinchina.com\/fr\/wp-json\/wp\/v2\/pages\/14520\/revisions"}],"predecessor-version":[{"id":14521,"href":"https:\/\/clicstudyinchina.com\/fr\/wp-json\/wp\/v2\/pages\/14520\/revisions\/14521"}],"wp:attachment":[{"href":"https:\/\/clicstudyinchina.com\/fr\/wp-json\/wp\/v2\/media?parent=14520"}],"curies":[{"name":"wp","href":"https:\/\/api.w.org\/{rel}","templated":true}]}}