{"id":14566,"date":"2018-10-30T15:01:18","date_gmt":"2018-10-30T21:01:18","guid":{"rendered":"https:\/\/clicstudyinchina.com\/?page_id=14566"},"modified":"2019-11-04T10:11:18","modified_gmt":"2019-11-04T17:11:18","slug":"pourquoi-la-chine","status":"publish","type":"page","link":"https:\/\/clicstudyinchina.com\/fr\/pourquoi-la-chine\/","title":{"rendered":"Pourquoi la Chine?"},"content":{"rendered":"<p><div class=\"fusion-fullwidth fullwidth-box fusion-builder-row-1 nonhundred-percent-fullwidth non-hundred-percent-height-scrolling\" style=\"--awb-background-position:left top;--awb-border-radius-top-left:0px;--awb-border-radius-top-right:0px;--awb-border-radius-bottom-right:0px;--awb-border-radius-bottom-left:0px;--awb-padding-top:20px;--awb-padding-bottom:20px;--awb-border-sizes-top:0px;--awb-border-sizes-bottom:0px;--awb-flex-wrap:wrap;\" ><div class=\"fusion-builder-row fusion-row\"><div class=\"fusion-layout-column fusion_builder_column fusion-builder-column-0 fusion_builder_column_1_1 1_1 fusion-one-full fusion-column-first fusion-column-last fusion-column-no-min-height\" style=\"--awb-bg-size:cover;--awb-margin-bottom:0px;\"><div class=\"fusion-column-wrapper fusion-flex-column-wrapper-legacy\"><div class=\"fusion-title title fusion-title-1 fusion-title-text fusion-title-size-two\" style=\"--awb-margin-top-small:10px;--awb-margin-right-small:0px;--awb-margin-bottom-small:10px;--awb-margin-left-small:0px;\"><h2 class=\"fusion-title-heading title-heading-left\" style=\"margin:0;\"><p class=\"Heading11\"><span lang=\"FR-CA\">Pourquoi la Chine?<\/span><\/p><\/h2><span class=\"awb-title-spacer\"><\/span><div class=\"title-sep-container\"><div class=\"title-sep sep-single sep-solid\" style=\"border-color:#E0DEDE;\"><\/div><\/div><\/div><div class=\"fusion-text fusion-text-1\"><p><span class=\"fusion-dropcap dropcap\">L<\/span>a Chine est l\u2019un des pays qui exercent la plus grande influence sur le monde. Elle s\u2019enorgueillit d\u2019une vaste histoire des plus riches et conna\u00eet une modernisation rapide. Les \u00e9tudiant(e)s canadien(ne)s qui nouent des liens avec la Chine investissent dans leur avenir. Notre relation avec la Chine rev\u00eat en effet de plus en plus d\u2019importance en tant que partenaire commercial, technologique et culturel. Voici les avantages d\u2019\u00e9tudier en Chine :<\/p>\n<\/div><div class=\"fusion-clearfix\"><\/div><\/div><\/div><div class=\"fusion-layout-column fusion_builder_column fusion-builder-column-1 fusion_builder_column_1_2 1_2 fusion-one-half fusion-column-first\" style=\"--awb-bg-size:cover;width:48%; margin-right: 4%;\"><div class=\"fusion-column-wrapper fusion-flex-column-wrapper-legacy\"><ul style=\"--awb-size:16px;--awb-iconcolor:#dd3333;--awb-line-height:27.2px;--awb-icon-width:27.2px;--awb-icon-height:27.2px;--awb-icon-margin:11.2px;--awb-content-margin:38.4px;\" class=\"fusion-checklist fusion-checklist-1 fusion-checklist-default type-icons\"><li class=\"fusion-li-item\" style=\"\"><span class=\"icon-wrapper circle-no\"><i class=\"fusion-li-icon fa fa-chevron-right\" aria-hidden=\"true\"><\/i><\/span><div class=\"fusion-li-item-content\">une plus grande employabilit\u00e9, de m\u00eame que des possibilit\u00e9s de carri\u00e8re vari\u00e9es d\u00e9coulant de l\u2019\u00e9tablissement de liens avec la deuxi\u00e8me \u00e9conomie au monde en importance, qui est \u00e9galement le deuxi\u00e8me partenaire commercial du Canada en importance;<\/div><\/li><li class=\"fusion-li-item\" style=\"\"><span class=\"icon-wrapper circle-no\"><i class=\"fusion-li-icon fa fa-chevron-right\" aria-hidden=\"true\"><\/i><\/span><div class=\"fusion-li-item-content\">l\u2019immersion dans une des civilisations les plus anciennes du monde, qui offre une exp\u00e9rience culturelle unique en son genre et peut transformer une vie;<\/div><\/li><li class=\"fusion-li-item\" style=\"\"><span class=\"icon-wrapper circle-no\"><i class=\"fusion-li-icon fa fa-chevron-right\" aria-hidden=\"true\"><\/i><\/span><div class=\"fusion-li-item-content\">la possibilit\u00e9 de conna\u00eetre les lieux, les cultures, les peuples et les paysages naturels de la Chine.<\/div><\/li><\/ul><div class=\"fusion-clearfix\"><\/div><\/div><\/div><div class=\"fusion-layout-column fusion_builder_column fusion-builder-column-2 fusion_builder_column_1_2 1_2 fusion-one-half fusion-column-last\" style=\"--awb-bg-size:cover;width:48%;\"><div class=\"fusion-column-wrapper fusion-flex-column-wrapper-legacy\"><ul style=\"--awb-size:16px;--awb-iconcolor:#dd3333;--awb-line-height:27.2px;--awb-icon-width:27.2px;--awb-icon-height:27.2px;--awb-icon-margin:11.2px;--awb-content-margin:38.4px;\" class=\"fusion-checklist fusion-checklist-2 fusion-checklist-default type-icons\"><li class=\"fusion-li-item\" style=\"\"><span class=\"icon-wrapper circle-no\"><i class=\"fusion-li-icon fa fa-chevron-right\" aria-hidden=\"true\"><\/i><\/span><div class=\"fusion-li-item-content\">Un environnement moderne d\u2019innovation technologique<\/div><\/li><li class=\"fusion-li-item\" style=\"\"><span class=\"icon-wrapper circle-no\"><i class=\"fusion-li-icon fa fa-chevron-right\" aria-hidden=\"true\"><\/i><\/span><div class=\"fusion-li-item-content\">D\u00e9veloppez de nouvelles comp\u00e9tences et une plus grande confiance en vous en relevant des d\u00e9fis dans un milieu extraordinaire<\/div><\/li><\/ul><div class=\"fusion-clearfix\"><\/div><\/div><\/div><div class=\"fusion-layout-column fusion_builder_column fusion-builder-column-3 fusion_builder_column_1_1 1_1 fusion-one-full fusion-column-first fusion-column-last fusion-column-no-min-height\" style=\"--awb-bg-size:cover;--awb-margin-bottom:0px;\"><div class=\"fusion-column-wrapper fusion-flex-column-wrapper-legacy\"><div class=\"fusion-button-wrapper fusion-aligncenter\"><a class=\"fusion-button button-flat fusion-button-default-size button-default fusion-button-default button-1 fusion-button-default-span fusion-button-default-type\" target=\"_self\" href=\"https:\/\/clicstudyinchina.com\/fr\/temoignages\/\"><span class=\"fusion-button-text awb-button__text awb-button__text--default\">T\u00e9moignages<\/span><\/a><\/div><div class=\"fusion-clearfix\"><\/div><\/div><\/div><\/div><\/div><div class=\"fusion-fullwidth fullwidth-box fusion-builder-row-2 fusion-parallax-fixed nonhundred-percent-fullwidth non-hundred-percent-height-scrolling\" style=\"--awb-background-position:left top;--awb-border-radius-top-left:0px;--awb-border-radius-top-right:0px;--awb-border-radius-bottom-right:0px;--awb-border-radius-bottom-left:0px;--awb-padding-top:80px;--awb-padding-bottom:80px;--awb-background-image:url(&quot;https:\/\/clicstudyinchina.com\/wp-content\/uploads\/2016\/09\/china_statuebg.jpg&quot;);--awb-background-size:cover;--awb-border-sizes-top:0px;--awb-border-sizes-bottom:0px;--awb-flex-wrap:wrap;background-attachment:fixed;\" ><div class=\"fusion-builder-row fusion-row\"><div class=\"fusion-layout-column fusion_builder_column fusion-builder-column-4 fusion_builder_column_1_1 1_1 fusion-one-full fusion-column-first fusion-column-last fusion-column-no-min-height\" style=\"--awb-bg-size:cover;--awb-margin-bottom:0px;\"><div class=\"fusion-column-wrapper fusion-flex-column-wrapper-legacy\"><div class=\"fusion-button-wrapper fusion-aligncenter\"><a class=\"fusion-button button-flat button-xlarge button-custom fusion-button-default button-2 fusion-button-default-span fusion-animated\" style=\"--button_accent_color:rgba(255,255,255,.8);--button_accent_hover_color:#ffffff;--button_border_hover_color:#ffffff;--button_border_width-top:2px;--button_border_width-right:2px;--button_border_width-bottom:2px;--button_border_width-left:2px;--button_gradient_top_color:rgba(255,255,255,.1);--button_gradient_bottom_color:rgba(255,255,255,.1);--button_gradient_top_color_hover:rgba(255, 255, 255, 0.25);--button_gradient_bottom_color_hover:rgba(255, 255, 255, 0.25);\" data-animationType=\"fadeInUp\" data-animationDuration=\"1.0\" data-animationOffset=\"top-into-view\" target=\"_self\" href=\"https:\/\/clicstudyinchina.com\/fr\/demande\/\"><span class=\"fusion-button-text awb-button__text awb-button__text--default\">Inscrivez-vous maintenant! <\/span><\/a><\/div><div class=\"fusion-clearfix\"><\/div><\/div><\/div><\/div><\/div><\/p>\n","protected":false},"excerpt":{"rendered":"","protected":false},"author":2,"featured_media":0,"parent":0,"menu_order":0,"comment_status":"closed","ping_status":"closed","template":"100-width.php","meta":{"_bbp_topic_count":0,"_bbp_reply_count":0,"_bbp_total_topic_count":0,"_bbp_total_reply_count":0,"_bbp_voice_count":0,"_bbp_anonymous_reply_count":0,"_bbp_topic_count_hidden":0,"_bbp_reply_count_hidden":0,"_bbp_forum_subforum_count":0,"_exactmetrics_skip_tracking":false,"_exactmetrics_sitenote_active":false,"_exactmetrics_sitenote_note":"","_exactmetrics_sitenote_category":0,"footnotes":""},"class_list":["post-14566","page","type-page","status-publish","hentry"],"yoast_head":"<!-- This site is optimized with the Yoast SEO plugin v27.5 - https:\/\/yoast.com\/product\/yoast-seo-wordpress\/ -->\n<title>Pourquoi la Chine? - CLIC<\/title>\n<meta name=\"robots\" content=\"index, follow, max-snippet:-1, max-image-preview:large, max-video-preview:-1\" \/>\n<link rel=\"canonical\" href=\"https:\/\/clicstudyinchina.com\/fr\/pourquoi-la-chine\/\" \/>\n<meta property=\"og:locale\" content=\"fr_FR\" \/>\n<meta property=\"og:type\" content=\"article\" \/>\n<meta property=\"og:title\" content=\"Pourquoi la Chine? - CLIC\" \/>\n<meta property=\"og:url\" content=\"https:\/\/clicstudyinchina.com\/fr\/pourquoi-la-chine\/\" \/>\n<meta property=\"og:site_name\" content=\"CLIC\" \/>\n<meta property=\"article:modified_time\" content=\"2019-11-04T17:11:18+00:00\" \/>\n<meta name=\"twitter:card\" content=\"summary_large_image\" \/>\n<meta name=\"twitter:label1\" content=\"Dur\u00e9e de lecture estim\u00e9e\" \/>\n\t<meta name=\"twitter:data1\" content=\"5 minutes\" \/>\n<script type=\"application\/ld+json\" class=\"yoast-schema-graph\">{\"@context\":\"https:\\\/\\\/schema.org\",\"@graph\":[{\"@type\":\"WebPage\",\"@id\":\"https:\\\/\\\/clicstudyinchina.com\\\/fr\\\/pourquoi-la-chine\\\/\",\"url\":\"https:\\\/\\\/clicstudyinchina.com\\\/fr\\\/pourquoi-la-chine\\\/\",\"name\":\"Pourquoi la Chine? - CLIC\",\"isPartOf\":{\"@id\":\"https:\\\/\\\/clicstudyinchina.com\\\/#website\"},\"datePublished\":\"2018-10-30T21:01:18+00:00\",\"dateModified\":\"2019-11-04T17:11:18+00:00\",\"breadcrumb\":{\"@id\":\"https:\\\/\\\/clicstudyinchina.com\\\/fr\\\/pourquoi-la-chine\\\/#breadcrumb\"},\"inLanguage\":\"fr-FR\",\"potentialAction\":[{\"@type\":\"ReadAction\",\"target\":[\"https:\\\/\\\/clicstudyinchina.com\\\/fr\\\/pourquoi-la-chine\\\/\"]}]},{\"@type\":\"BreadcrumbList\",\"@id\":\"https:\\\/\\\/clicstudyinchina.com\\\/fr\\\/pourquoi-la-chine\\\/#breadcrumb\",\"itemListElement\":[{\"@type\":\"ListItem\",\"position\":1,\"name\":\"Home\",\"item\":\"https:\\\/\\\/clicstudyinchina.com\\\/fr\\\/\"},{\"@type\":\"ListItem\",\"position\":2,\"name\":\"Pourquoi la Chine?\"}]},{\"@type\":\"WebSite\",\"@id\":\"https:\\\/\\\/clicstudyinchina.com\\\/#website\",\"url\":\"https:\\\/\\\/clicstudyinchina.com\\\/\",\"name\":\"CLIC\",\"description\":\"Canada Learning Initiative in China\",\"potentialAction\":[{\"@type\":\"SearchAction\",\"target\":{\"@type\":\"EntryPoint\",\"urlTemplate\":\"https:\\\/\\\/clicstudyinchina.com\\\/?s={search_term_string}\"},\"query-input\":{\"@type\":\"PropertyValueSpecification\",\"valueRequired\":true,\"valueName\":\"search_term_string\"}}],\"inLanguage\":\"fr-FR\"}]}<\/script>\n<!-- \/ Yoast SEO plugin. -->","yoast_head_json":{"title":"Pourquoi la Chine? - CLIC","robots":{"index":"index","follow":"follow","max-snippet":"max-snippet:-1","max-image-preview":"max-image-preview:large","max-video-preview":"max-video-preview:-1"},"canonical":"https:\/\/clicstudyinchina.com\/fr\/pourquoi-la-chine\/","og_locale":"fr_FR","og_type":"article","og_title":"Pourquoi la Chine? - CLIC","og_url":"https:\/\/clicstudyinchina.com\/fr\/pourquoi-la-chine\/","og_site_name":"CLIC","article_modified_time":"2019-11-04T17:11:18+00:00","twitter_card":"summary_large_image","twitter_misc":{"Dur\u00e9e de lecture estim\u00e9e":"5 minutes"},"schema":{"@context":"https:\/\/schema.org","@graph":[{"@type":"WebPage","@id":"https:\/\/clicstudyinchina.com\/fr\/pourquoi-la-chine\/","url":"https:\/\/clicstudyinchina.com\/fr\/pourquoi-la-chine\/","name":"Pourquoi la Chine? - CLIC","isPartOf":{"@id":"https:\/\/clicstudyinchina.com\/#website"},"datePublished":"2018-10-30T21:01:18+00:00","dateModified":"2019-11-04T17:11:18+00:00","breadcrumb":{"@id":"https:\/\/clicstudyinchina.com\/fr\/pourquoi-la-chine\/#breadcrumb"},"inLanguage":"fr-FR","potentialAction":[{"@type":"ReadAction","target":["https:\/\/clicstudyinchina.com\/fr\/pourquoi-la-chine\/"]}]},{"@type":"BreadcrumbList","@id":"https:\/\/clicstudyinchina.com\/fr\/pourquoi-la-chine\/#breadcrumb","itemListElement":[{"@type":"ListItem","position":1,"name":"Home","item":"https:\/\/clicstudyinchina.com\/fr\/"},{"@type":"ListItem","position":2,"name":"Pourquoi la Chine?"}]},{"@type":"WebSite","@id":"https:\/\/clicstudyinchina.com\/#website","url":"https:\/\/clicstudyinchina.com\/","name":"CLIC","description":"Canada Learning Initiative in China","potentialAction":[{"@type":"SearchAction","target":{"@type":"EntryPoint","urlTemplate":"https:\/\/clicstudyinchina.com\/?s={search_term_string}"},"query-input":{"@type":"PropertyValueSpecification","valueRequired":true,"valueName":"search_term_string"}}],"inLanguage":"fr-FR"}]}},"_links":{"self":[{"href":"https:\/\/clicstudyinchina.com\/fr\/wp-json\/wp\/v2\/pages\/14566","targetHints":{"allow":["GET"]}}],"collection":[{"href":"https:\/\/clicstudyinchina.com\/fr\/wp-json\/wp\/v2\/pages"}],"about":[{"href":"https:\/\/clicstudyinchina.com\/fr\/wp-json\/wp\/v2\/types\/page"}],"author":[{"embeddable":true,"href":"https:\/\/clicstudyinchina.com\/fr\/wp-json\/wp\/v2\/users\/2"}],"replies":[{"embeddable":true,"href":"https:\/\/clicstudyinchina.com\/fr\/wp-json\/wp\/v2\/comments?post=14566"}],"version-history":[{"count":4,"href":"https:\/\/clicstudyinchina.com\/fr\/wp-json\/wp\/v2\/pages\/14566\/revisions"}],"predecessor-version":[{"id":15096,"href":"https:\/\/clicstudyinchina.com\/fr\/wp-json\/wp\/v2\/pages\/14566\/revisions\/15096"}],"wp:attachment":[{"href":"https:\/\/clicstudyinchina.com\/fr\/wp-json\/wp\/v2\/media?parent=14566"}],"curies":[{"name":"wp","href":"https:\/\/api.w.org\/{rel}","templated":true}]}}